{"id":1042,"date":"2023-09-22T15:44:35","date_gmt":"2023-09-22T13:44:35","guid":{"rendered":"https:\/\/sensorialbio.com\/?post_type=product&#038;p=1042"},"modified":"2025-02-27T10:20:58","modified_gmt":"2025-02-27T09:20:58","slug":"coaching","status":"publish","type":"product","link":"https:\/\/sensorialbio.com\/en\/produkt\/coaching\/","title":{"rendered":"Coaching (Online)"},"content":{"rendered":"<p>F\u00fchlst Du Dich manchmal fremd in dieser Welt oder hast Du das Gef\u00fchl nicht verstanden zu werden?<br \/>\nZweifelst Du an dem, was Du jeden Tag in Deiner Umwelt siehst oder wahrnimmst? Hast Du das<br \/>\nGef\u00fchl dass wirklich tiefgr\u00fcndige Themen und echte Werkzeuge f\u00fcr Dein Leben um Dich herum<br \/>\nignoriert werden? Dann wird es Zeit in Deine Kraft zu kommen und Dein Potential zu entfalten, Deine<br \/>\nSinne zu sch\u00e4rfen und Dich in Achtsamkeit zu trainieren. Traue Dich und stelle uns in einem Coaching<br \/>\nalle Fragen die Dich besch\u00e4ftigen. Brauchst Du L\u00f6sungsans\u00e4tze f\u00fcr eine scheinbar schwierige<br \/>\nSituation? Trainiere Dich in Objektivit\u00e4t und Du wirst neue Blickwinkel setzen. Hast Du die Kontrolle<br \/>\n\u00fcber Deine Emotionen verloren? Forsche nach der Ursache und pflanze eine neue Emotionsstruktur.<br \/>\nDeine Beziehungen sind eine Berg- und Talfahrt und \u00c4ngste begleiten Dich? Finde heraus wie Du Dich<br \/>\nselbst in eine neue Resonanz bringen kannst. Es ist einfacher als Du denkst.<\/p>\n","protected":false},"excerpt":{"rendered":"<p>In einem Erstgespr\u00e4ch finden wir heraus warum Du uns gefunden hast und in welcher Weise wir<br \/>\nDir helfen k\u00f6nnen. Dies dauert 15 Minuten. Du buchst die ersten 15 Minuten kostenlos und gibst<br \/>\nDein Wunschtermin an.<\/p>\n","protected":false},"featured_media":1045,"comment_status":"open","ping_status":"closed","template":"","meta":[],"product_cat":[15,19],"product_tag":[],"class_list":["post-1042","product","type-product","status-publish","has-post-thumbnail","hentry","product_cat-alle","product_cat-your-sens","sales-flash-overlay","woocommerce-text-align-left","woocommerce-image-align-center","do-quantity-buttons"],"acf":[],"yoast_head":"<!-- This site is optimized with the Yoast SEO plugin v21.1 - https:\/\/yoast.com\/wordpress\/plugins\/seo\/ -->\n<title>Coaching (Online) - Sensorial<\/title>\n<meta name=\"robots\" content=\"noindex, follow, max-snippet:-1, max-image-preview:large, max-video-preview:-1\" \/>\n<meta property=\"og:locale\" content=\"en_US\" \/>\n<meta property=\"og:type\" content=\"article\" \/>\n<meta property=\"og:title\" content=\"Coaching (Online) - Sensorial\" \/>\n<meta property=\"og:description\" content=\"In einem Erstgespr\u00e4ch finden wir heraus warum Du uns gefunden hast und in welcher Weise wir Dir helfen k\u00f6nnen. Dies dauert 15 Minuten. Du buchst die ersten 15 Minuten kostenlos und gibst Dein Wunschtermin an.\" \/>\n<meta property=\"og:url\" content=\"https:\/\/sensorialbio.com\/en\/produkt\/coaching\/\" \/>\n<meta property=\"og:site_name\" content=\"Sensorial\" \/>\n<meta property=\"article:modified_time\" content=\"2025-02-27T09:20:58+00:00\" \/>\n<meta property=\"og:image\" content=\"https:\/\/sensorialbio.com\/wp-content\/uploads\/2023\/09\/Laptop_03-scaled.jpg\" \/>\n\t<meta property=\"og:image:width\" content=\"2560\" \/>\n\t<meta property=\"og:image:height\" content=\"1920\" \/>\n\t<meta property=\"og:image:type\" content=\"image\/jpeg\" \/>\n<meta name=\"twitter:card\" content=\"summary_large_image\" \/>\n<meta name=\"twitter:label1\" content=\"Est. reading time\" \/>\n\t<meta name=\"twitter:data1\" content=\"1 minute\" \/>\n<script type=\"application\/ld+json\" class=\"yoast-schema-graph\">{\"@context\":\"https:\/\/schema.org\",\"@graph\":[{\"@type\":\"WebPage\",\"@id\":\"https:\/\/sensorialbio.com\/en\/produkt\/coaching\/\",\"url\":\"https:\/\/sensorialbio.com\/en\/produkt\/coaching\/\",\"name\":\"Coaching (Online) - Sensorial\",\"isPartOf\":{\"@id\":\"\/#website\"},\"datePublished\":\"2023-09-22T13:44:35+00:00\",\"dateModified\":\"2025-02-27T09:20:58+00:00\",\"breadcrumb\":{\"@id\":\"https:\/\/sensorialbio.com\/en\/produkt\/coaching\/#breadcrumb\"},\"inLanguage\":\"en-US\",\"potentialAction\":[{\"@type\":\"ReadAction\",\"target\":[\"https:\/\/sensorialbio.com\/en\/produkt\/coaching\/\"]}]},{\"@type\":\"BreadcrumbList\",\"@id\":\"https:\/\/sensorialbio.com\/en\/produkt\/coaching\/#breadcrumb\",\"itemListElement\":[{\"@type\":\"ListItem\",\"position\":1,\"name\":\"Startseite\",\"item\":\"https:\/\/sensorialbio.com\/en\/\"},{\"@type\":\"ListItem\",\"position\":2,\"name\":\"Coaching (Online)\"}]},{\"@type\":\"WebSite\",\"@id\":\"\/#website\",\"url\":\"\/\",\"name\":\"Sensorial\",\"description\":\"Produkte f\u00fcr deinen 6. Sinn!\",\"publisher\":{\"@id\":\"\/#organization\"},\"potentialAction\":[{\"@type\":\"SearchAction\",\"target\":{\"@type\":\"EntryPoint\",\"urlTemplate\":\"\/?s={search_term_string}\"},\"query-input\":\"required name=search_term_string\"}],\"inLanguage\":\"en-US\"},{\"@type\":\"Organization\",\"@id\":\"\/#organization\",\"name\":\"Sensorial\",\"url\":\"\/\",\"logo\":{\"@type\":\"ImageObject\",\"inLanguage\":\"en-US\",\"@id\":\"\/#\/schema\/logo\/image\/\",\"url\":\"https:\/\/sensorialbio.com\/wp-content\/uploads\/2023\/03\/LOGO-Sensorial_white.svg\",\"contentUrl\":\"https:\/\/sensorialbio.com\/wp-content\/uploads\/2023\/03\/LOGO-Sensorial_white.svg\",\"width\":1328,\"height\":511,\"caption\":\"Sensorial\"},\"image\":{\"@id\":\"\/#\/schema\/logo\/image\/\"}}]}<\/script>\n<!-- \/ Yoast SEO plugin. -->","yoast_head_json":{"title":"Coaching (Online) - Sensorial","robots":{"index":"noindex","follow":"follow","max-snippet":"max-snippet:-1","max-image-preview":"max-image-preview:large","max-video-preview":"max-video-preview:-1"},"og_locale":"en_US","og_type":"article","og_title":"Coaching (Online) - Sensorial","og_description":"In einem Erstgespr\u00e4ch finden wir heraus warum Du uns gefunden hast und in welcher Weise wir Dir helfen k\u00f6nnen. Dies dauert 15 Minuten. Du buchst die ersten 15 Minuten kostenlos und gibst Dein Wunschtermin an.","og_url":"https:\/\/sensorialbio.com\/en\/produkt\/coaching\/","og_site_name":"Sensorial","article_modified_time":"2025-02-27T09:20:58+00:00","og_image":[{"width":2560,"height":1920,"url":"https:\/\/sensorialbio.com\/wp-content\/uploads\/2023\/09\/Laptop_03-scaled.jpg","type":"image\/jpeg"}],"twitter_card":"summary_large_image","twitter_misc":{"Est. reading time":"1 minute"},"schema":{"@context":"https:\/\/schema.org","@graph":[{"@type":"WebPage","@id":"https:\/\/sensorialbio.com\/en\/produkt\/coaching\/","url":"https:\/\/sensorialbio.com\/en\/produkt\/coaching\/","name":"Coaching (Online) - Sensorial","isPartOf":{"@id":"\/#website"},"datePublished":"2023-09-22T13:44:35+00:00","dateModified":"2025-02-27T09:20:58+00:00","breadcrumb":{"@id":"https:\/\/sensorialbio.com\/en\/produkt\/coaching\/#breadcrumb"},"inLanguage":"en-US","potentialAction":[{"@type":"ReadAction","target":["https:\/\/sensorialbio.com\/en\/produkt\/coaching\/"]}]},{"@type":"BreadcrumbList","@id":"https:\/\/sensorialbio.com\/en\/produkt\/coaching\/#breadcrumb","itemListElement":[{"@type":"ListItem","position":1,"name":"Startseite","item":"https:\/\/sensorialbio.com\/en\/"},{"@type":"ListItem","position":2,"name":"Coaching (Online)"}]},{"@type":"WebSite","@id":"\/#website","url":"\/","name":"Sensorial","description":"Produkte f\u00fcr deinen 6. Sinn!","publisher":{"@id":"\/#organization"},"potentialAction":[{"@type":"SearchAction","target":{"@type":"EntryPoint","urlTemplate":"\/?s={search_term_string}"},"query-input":"required name=search_term_string"}],"inLanguage":"en-US"},{"@type":"Organization","@id":"\/#organization","name":"Sensorial","url":"\/","logo":{"@type":"ImageObject","inLanguage":"en-US","@id":"\/#\/schema\/logo\/image\/","url":"https:\/\/sensorialbio.com\/wp-content\/uploads\/2023\/03\/LOGO-Sensorial_white.svg","contentUrl":"https:\/\/sensorialbio.com\/wp-content\/uploads\/2023\/03\/LOGO-Sensorial_white.svg","width":1328,"height":511,"caption":"Sensorial"},"image":{"@id":"\/#\/schema\/logo\/image\/"}}]}},"_links":{"self":[{"href":"https:\/\/sensorialbio.com\/en\/wp-json\/wp\/v2\/product\/1042","targetHints":{"allow":["GET"]}}],"collection":[{"href":"https:\/\/sensorialbio.com\/en\/wp-json\/wp\/v2\/product"}],"about":[{"href":"https:\/\/sensorialbio.com\/en\/wp-json\/wp\/v2\/types\/product"}],"replies":[{"embeddable":true,"href":"https:\/\/sensorialbio.com\/en\/wp-json\/wp\/v2\/comments?post=1042"}],"wp:featuredmedia":[{"embeddable":true,"href":"https:\/\/sensorialbio.com\/en\/wp-json\/wp\/v2\/media\/1045"}],"wp:attachment":[{"href":"https:\/\/sensorialbio.com\/en\/wp-json\/wp\/v2\/media?parent=1042"}],"wp:term":[{"taxonomy":"product_cat","embeddable":true,"href":"https:\/\/sensorialbio.com\/en\/wp-json\/wp\/v2\/product_cat?post=1042"},{"taxonomy":"product_tag","embeddable":true,"href":"https:\/\/sensorialbio.com\/en\/wp-json\/wp\/v2\/product_tag?post=1042"}],"curies":[{"name":"wp","href":"https:\/\/api.w.org\/{rel}","templated":true}]}}