{"id":1815,"date":"2023-10-15T17:07:38","date_gmt":"2023-10-15T15:07:38","guid":{"rendered":"https:\/\/sensorialbio.com\/?post_type=product&#038;p=1815"},"modified":"2025-02-27T14:56:16","modified_gmt":"2025-02-27T13:56:16","slug":"e-sens-home","status":"publish","type":"product","link":"https:\/\/sensorialbio.com\/en\/produkt\/e-sens-home\/","title":{"rendered":"E-Sens Home"},"content":{"rendered":"<p>Profitieren Sie von einem neuen Lebensumfeld, in dem die vorhandene Elektrizit\u00e4t Sie zu authentischem Wohlbefinden anregt, genie\u00dfen Sie Ihre bevorzugten Multimedia-Inhalte, sei es Audio oder Video, in einer gesteigerten Wahrnehmungsrealit\u00e4t und ohne negative unterschwellige Botschaften. Das E-Sens Home verwandelt alles, was an Ihr Stromnetz angeschlossen ist, in etwas Positives und Wohlbefinden f\u00fcr Sie. Werden Sie eins mit dem, was Sie gerne sehen, h\u00f6ren oder mit dem Sie interagieren m\u00f6chten. Sie werden in den Genuss eines neuen multisensorischen Modells der Interaktion mit der digitalen Welt kommen. Jedes visuelle Element, das f\u00fcr Sie und Ihre Familie m\u00f6glicherweise sch\u00e4dlich ist, wird neutralisiert und transformiert. Ein neues digitales Wohlbefinden, das f\u00fcr Sie und Ihre Mitmenschen entwickelt wurde. E-Sens Home ist eine Software, die die Elektrizit\u00e4t von elektrischen Hausanlagen neu berechnet, indem sie das Bild des Stromz\u00e4hlers des Hauses verwendet, das in E-Sens Home selbst auf unserer Plattform vorgeladen ist. Video und Audio machen den Betrieb der E-Sens Home aus, dass durch Neumodulation der Disharmonien der elektrischen Systeme, auf die es angewendet wird, funktioniert.<\/p>\n","protected":false},"excerpt":{"rendered":"<p>Profitieren Sie von einer innovativen Quantenbewusstseinstechnologie, mit der Sie Ihr WLAN, Ihre 5G-Netzwerke und Ihren Heimstrom von k\u00fcnstlich auf lebensnotwendig umstellen k\u00f6nnen. Alles funktioniert besser und der ehemalige Elektrosmog wird zu Bioelektrosmog und ist somit nicht mehr negativ f\u00fcr Ihr Wohlbefinden.<\/p>\n<p>&nbsp;<\/p>\n<p><em>Bitte fu\u0308gen Sie in das untenstehende Feld ein klares Foto Ihres Stromza\u0308hlers ein.<\/em><\/p>\n<p>Das Produkt wird individuell erstellt und wird unter mein Konto unter Sensorial-X nach sp\u00e4testens 2 Werktagen erscheinen.<\/p>\n","protected":false},"featured_media":1915,"comment_status":"open","ping_status":"closed","template":"","meta":[],"product_cat":[15,18],"product_tag":[],"class_list":["post-1815","product","type-product","status-publish","has-post-thumbnail","hentry","product_cat-alle","product_cat-digital-sens","sales-flash-overlay","woocommerce-text-align-left","woocommerce-image-align-center","do-quantity-buttons","wc-has-gallery"],"acf":[],"yoast_head":"<!-- This site is optimized with the Yoast SEO plugin v21.1 - https:\/\/yoast.com\/wordpress\/plugins\/seo\/ -->\n<title>E-Sens Home - Sensorial<\/title>\n<meta name=\"robots\" content=\"noindex, follow, max-snippet:-1, max-image-preview:large, max-video-preview:-1\" \/>\n<meta property=\"og:locale\" content=\"en_US\" \/>\n<meta property=\"og:type\" content=\"article\" \/>\n<meta property=\"og:title\" content=\"E-Sens Home - Sensorial\" \/>\n<meta property=\"og:description\" content=\"Profitieren Sie von einer innovativen Quantenbewusstseinstechnologie, mit der Sie Ihr WLAN, Ihre 5G-Netzwerke und Ihren Heimstrom von k\u00fcnstlich auf lebensnotwendig umstellen k\u00f6nnen. Alles funktioniert besser und der ehemalige Elektrosmog wird zu Bioelektrosmog und ist somit nicht mehr negativ f\u00fcr Ihr Wohlbefinden.  &nbsp;  Bitte fu\u0308gen Sie in das untenstehende Feld ein klares Foto Ihres Stromza\u0308hlers ein.  Das Produkt wird individuell erstellt und wird unter mein Konto unter Sensorial-X nach sp\u00e4testens 2 Werktagen erscheinen.\" \/>\n<meta property=\"og:url\" content=\"https:\/\/sensorialbio.com\/en\/produkt\/e-sens-home\/\" \/>\n<meta property=\"og:site_name\" content=\"Sensorial\" \/>\n<meta property=\"article:modified_time\" content=\"2025-02-27T13:56:16+00:00\" \/>\n<meta property=\"og:image\" content=\"https:\/\/sensorialbio.com\/wp-content\/uploads\/2023\/10\/sensmoritz_visible_electric_connections_inside_the_house_flowin_b4493b07-eda4-4a20-bcc8-2811f904c6df.png\" \/>\n\t<meta property=\"og:image:width\" content=\"1024\" \/>\n\t<meta property=\"og:image:height\" content=\"1024\" \/>\n\t<meta property=\"og:image:type\" content=\"image\/png\" \/>\n<meta name=\"twitter:card\" content=\"summary_large_image\" \/>\n<meta name=\"twitter:label1\" content=\"Est. reading time\" \/>\n\t<meta name=\"twitter:data1\" content=\"1 minute\" \/>\n<script type=\"application\/ld+json\" class=\"yoast-schema-graph\">{\"@context\":\"https:\/\/schema.org\",\"@graph\":[{\"@type\":\"WebPage\",\"@id\":\"https:\/\/sensorialbio.com\/en\/produkt\/e-sens-home\/\",\"url\":\"https:\/\/sensorialbio.com\/en\/produkt\/e-sens-home\/\",\"name\":\"E-Sens Home - Sensorial\",\"isPartOf\":{\"@id\":\"\/#website\"},\"datePublished\":\"2023-10-15T15:07:38+00:00\",\"dateModified\":\"2025-02-27T13:56:16+00:00\",\"breadcrumb\":{\"@id\":\"https:\/\/sensorialbio.com\/en\/produkt\/e-sens-home\/#breadcrumb\"},\"inLanguage\":\"en-US\",\"potentialAction\":[{\"@type\":\"ReadAction\",\"target\":[\"https:\/\/sensorialbio.com\/en\/produkt\/e-sens-home\/\"]}]},{\"@type\":\"BreadcrumbList\",\"@id\":\"https:\/\/sensorialbio.com\/en\/produkt\/e-sens-home\/#breadcrumb\",\"itemListElement\":[{\"@type\":\"ListItem\",\"position\":1,\"name\":\"Startseite\",\"item\":\"https:\/\/sensorialbio.com\/en\/\"},{\"@type\":\"ListItem\",\"position\":2,\"name\":\"E-Sens Home\"}]},{\"@type\":\"WebSite\",\"@id\":\"\/#website\",\"url\":\"\/\",\"name\":\"Sensorial\",\"description\":\"Produkte f\u00fcr deinen 6. Sinn!\",\"publisher\":{\"@id\":\"\/#organization\"},\"potentialAction\":[{\"@type\":\"SearchAction\",\"target\":{\"@type\":\"EntryPoint\",\"urlTemplate\":\"\/?s={search_term_string}\"},\"query-input\":\"required name=search_term_string\"}],\"inLanguage\":\"en-US\"},{\"@type\":\"Organization\",\"@id\":\"\/#organization\",\"name\":\"Sensorial\",\"url\":\"\/\",\"logo\":{\"@type\":\"ImageObject\",\"inLanguage\":\"en-US\",\"@id\":\"\/#\/schema\/logo\/image\/\",\"url\":\"https:\/\/sensorialbio.com\/wp-content\/uploads\/2023\/03\/LOGO-Sensorial_white.svg\",\"contentUrl\":\"https:\/\/sensorialbio.com\/wp-content\/uploads\/2023\/03\/LOGO-Sensorial_white.svg\",\"width\":1328,\"height\":511,\"caption\":\"Sensorial\"},\"image\":{\"@id\":\"\/#\/schema\/logo\/image\/\"}}]}<\/script>\n<!-- \/ Yoast SEO plugin. -->","yoast_head_json":{"title":"E-Sens Home - Sensorial","robots":{"index":"noindex","follow":"follow","max-snippet":"max-snippet:-1","max-image-preview":"max-image-preview:large","max-video-preview":"max-video-preview:-1"},"og_locale":"en_US","og_type":"article","og_title":"E-Sens Home - Sensorial","og_description":"Profitieren Sie von einer innovativen Quantenbewusstseinstechnologie, mit der Sie Ihr WLAN, Ihre 5G-Netzwerke und Ihren Heimstrom von k\u00fcnstlich auf lebensnotwendig umstellen k\u00f6nnen. Alles funktioniert besser und der ehemalige Elektrosmog wird zu Bioelektrosmog und ist somit nicht mehr negativ f\u00fcr Ihr Wohlbefinden.  &nbsp;  Bitte fu\u0308gen Sie in das untenstehende Feld ein klares Foto Ihres Stromza\u0308hlers ein.  Das Produkt wird individuell erstellt und wird unter mein Konto unter Sensorial-X nach sp\u00e4testens 2 Werktagen erscheinen.","og_url":"https:\/\/sensorialbio.com\/en\/produkt\/e-sens-home\/","og_site_name":"Sensorial","article_modified_time":"2025-02-27T13:56:16+00:00","og_image":[{"width":1024,"height":1024,"url":"https:\/\/sensorialbio.com\/wp-content\/uploads\/2023\/10\/sensmoritz_visible_electric_connections_inside_the_house_flowin_b4493b07-eda4-4a20-bcc8-2811f904c6df.png","type":"image\/png"}],"twitter_card":"summary_large_image","twitter_misc":{"Est. reading time":"1 minute"},"schema":{"@context":"https:\/\/schema.org","@graph":[{"@type":"WebPage","@id":"https:\/\/sensorialbio.com\/en\/produkt\/e-sens-home\/","url":"https:\/\/sensorialbio.com\/en\/produkt\/e-sens-home\/","name":"E-Sens Home - Sensorial","isPartOf":{"@id":"\/#website"},"datePublished":"2023-10-15T15:07:38+00:00","dateModified":"2025-02-27T13:56:16+00:00","breadcrumb":{"@id":"https:\/\/sensorialbio.com\/en\/produkt\/e-sens-home\/#breadcrumb"},"inLanguage":"en-US","potentialAction":[{"@type":"ReadAction","target":["https:\/\/sensorialbio.com\/en\/produkt\/e-sens-home\/"]}]},{"@type":"BreadcrumbList","@id":"https:\/\/sensorialbio.com\/en\/produkt\/e-sens-home\/#breadcrumb","itemListElement":[{"@type":"ListItem","position":1,"name":"Startseite","item":"https:\/\/sensorialbio.com\/en\/"},{"@type":"ListItem","position":2,"name":"E-Sens Home"}]},{"@type":"WebSite","@id":"\/#website","url":"\/","name":"Sensorial","description":"Produkte f\u00fcr deinen 6. Sinn!","publisher":{"@id":"\/#organization"},"potentialAction":[{"@type":"SearchAction","target":{"@type":"EntryPoint","urlTemplate":"\/?s={search_term_string}"},"query-input":"required name=search_term_string"}],"inLanguage":"en-US"},{"@type":"Organization","@id":"\/#organization","name":"Sensorial","url":"\/","logo":{"@type":"ImageObject","inLanguage":"en-US","@id":"\/#\/schema\/logo\/image\/","url":"https:\/\/sensorialbio.com\/wp-content\/uploads\/2023\/03\/LOGO-Sensorial_white.svg","contentUrl":"https:\/\/sensorialbio.com\/wp-content\/uploads\/2023\/03\/LOGO-Sensorial_white.svg","width":1328,"height":511,"caption":"Sensorial"},"image":{"@id":"\/#\/schema\/logo\/image\/"}}]}},"_links":{"self":[{"href":"https:\/\/sensorialbio.com\/en\/wp-json\/wp\/v2\/product\/1815","targetHints":{"allow":["GET"]}}],"collection":[{"href":"https:\/\/sensorialbio.com\/en\/wp-json\/wp\/v2\/product"}],"about":[{"href":"https:\/\/sensorialbio.com\/en\/wp-json\/wp\/v2\/types\/product"}],"replies":[{"embeddable":true,"href":"https:\/\/sensorialbio.com\/en\/wp-json\/wp\/v2\/comments?post=1815"}],"wp:featuredmedia":[{"embeddable":true,"href":"https:\/\/sensorialbio.com\/en\/wp-json\/wp\/v2\/media\/1915"}],"wp:attachment":[{"href":"https:\/\/sensorialbio.com\/en\/wp-json\/wp\/v2\/media?parent=1815"}],"wp:term":[{"taxonomy":"product_cat","embeddable":true,"href":"https:\/\/sensorialbio.com\/en\/wp-json\/wp\/v2\/product_cat?post=1815"},{"taxonomy":"product_tag","embeddable":true,"href":"https:\/\/sensorialbio.com\/en\/wp-json\/wp\/v2\/product_tag?post=1815"}],"curies":[{"name":"wp","href":"https:\/\/api.w.org\/{rel}","templated":true}]}}