{"id":2118,"date":"2024-01-08T17:17:37","date_gmt":"2024-01-08T16:17:37","guid":{"rendered":"https:\/\/sensorialbio.com\/?post_type=product&#038;p=2118"},"modified":"2025-02-27T13:27:29","modified_gmt":"2025-02-27T12:27:29","slug":"lutheraia-2017","status":"publish","type":"product","link":"https:\/\/sensorialbio.com\/en\/produkt\/lutheraia-2017\/","title":{"rendered":"Luteraia"},"content":{"rendered":"<p>Der Luteraia, dessen Farben mal rubinrot, mal violett oder granatrot sind, wird in Stahltanks vergoren und reift dann mindestens ein Jahr lang in edlen franz\u00f6sischen Eichenf\u00e4ssern, damit der Wein harmonisch, strukturiert und vollmundig wird. Die Verfeinerung in der Flasche von mindestens vier Jahren ist der wichtigste Teil, in dem der Luteraia ruht und harmonisiert, um die besten Bouquets zu erzeugen. Luteraia erw\u00e4rmt die Herzen der Genie\u00dfer, indem er das Terroir von Montepulciano in seinem K\u00f6rper sp\u00fcren l\u00e4sst. Ein Wein, der Sie pl\u00f6tzlich umschmeichelt und Sie mit seiner Freundlichkeit f\u00fcr sich einnimmt.<\/p>\n","protected":false},"excerpt":{"rendered":"<p>Nobile di Montepulciano 2017 &#8211; DOCG<\/p>\n<p><em><strong>&#8220;Der Traum von Sergio&#8221;<\/strong><\/em><\/p>\n<p>&nbsp;<\/p>\n<p>Klassisch und elegant, aber mit einer funky Seele. Strukturiert und anhaltend im Mund, hinterl\u00e4sst er bei jedem Schluck einen angenehmen Nachgeschmack. Ein langlebiger Wein, der mit der Zeit immer besser wird.<\/p>\n","protected":false},"featured_media":2109,"comment_status":"open","ping_status":"closed","template":"","meta":[],"product_cat":[15,16],"product_tag":[],"class_list":["post-2118","product","type-product","status-publish","has-post-thumbnail","hentry","product_cat-alle","product_cat-taste-sens","sales-flash-overlay","woocommerce-text-align-left","woocommerce-image-align-center","do-quantity-buttons","wc-has-gallery"],"acf":[],"yoast_head":"<!-- This site is optimized with the Yoast SEO plugin v21.1 - https:\/\/yoast.com\/wordpress\/plugins\/seo\/ -->\n<title>Luteraia - Sensorial<\/title>\n<meta name=\"robots\" content=\"noindex, follow, max-snippet:-1, max-image-preview:large, max-video-preview:-1\" \/>\n<meta property=\"og:locale\" content=\"en_US\" \/>\n<meta property=\"og:type\" content=\"article\" \/>\n<meta property=\"og:title\" content=\"Luteraia - Sensorial\" \/>\n<meta property=\"og:description\" content=\"Nobile di Montepulciano 2017 - DOCG  &quot;Der Traum von Sergio&quot;  &nbsp;  Klassisch und elegant, aber mit einer funky Seele. Strukturiert und anhaltend im Mund, hinterl\u00e4sst er bei jedem Schluck einen angenehmen Nachgeschmack. Ein langlebiger Wein, der mit der Zeit immer besser wird.\" \/>\n<meta property=\"og:url\" content=\"https:\/\/sensorialbio.com\/en\/produkt\/lutheraia-2017\/\" \/>\n<meta property=\"og:site_name\" content=\"Sensorial\" \/>\n<meta property=\"article:modified_time\" content=\"2025-02-27T12:27:29+00:00\" \/>\n<meta property=\"og:image\" content=\"https:\/\/sensorialbio.com\/wp-content\/uploads\/2023\/12\/Luteraia-207-Front.jpg\" \/>\n\t<meta property=\"og:image:width\" content=\"1729\" \/>\n\t<meta property=\"og:image:height\" content=\"2000\" \/>\n\t<meta property=\"og:image:type\" content=\"image\/jpeg\" \/>\n<meta name=\"twitter:card\" content=\"summary_large_image\" \/>\n<meta name=\"twitter:label1\" content=\"Est. reading time\" \/>\n\t<meta name=\"twitter:data1\" content=\"1 minute\" \/>\n<script type=\"application\/ld+json\" class=\"yoast-schema-graph\">{\"@context\":\"https:\/\/schema.org\",\"@graph\":[{\"@type\":\"WebPage\",\"@id\":\"https:\/\/sensorialbio.com\/en\/produkt\/lutheraia-2017\/\",\"url\":\"https:\/\/sensorialbio.com\/en\/produkt\/lutheraia-2017\/\",\"name\":\"Luteraia - Sensorial\",\"isPartOf\":{\"@id\":\"\/#website\"},\"datePublished\":\"2024-01-08T16:17:37+00:00\",\"dateModified\":\"2025-02-27T12:27:29+00:00\",\"breadcrumb\":{\"@id\":\"https:\/\/sensorialbio.com\/en\/produkt\/lutheraia-2017\/#breadcrumb\"},\"inLanguage\":\"en-US\",\"potentialAction\":[{\"@type\":\"ReadAction\",\"target\":[\"https:\/\/sensorialbio.com\/en\/produkt\/lutheraia-2017\/\"]}]},{\"@type\":\"BreadcrumbList\",\"@id\":\"https:\/\/sensorialbio.com\/en\/produkt\/lutheraia-2017\/#breadcrumb\",\"itemListElement\":[{\"@type\":\"ListItem\",\"position\":1,\"name\":\"Startseite\",\"item\":\"https:\/\/sensorialbio.com\/en\/\"},{\"@type\":\"ListItem\",\"position\":2,\"name\":\"Luteraia\"}]},{\"@type\":\"WebSite\",\"@id\":\"\/#website\",\"url\":\"\/\",\"name\":\"Sensorial\",\"description\":\"Produkte f\u00fcr deinen 6. Sinn!\",\"publisher\":{\"@id\":\"\/#organization\"},\"potentialAction\":[{\"@type\":\"SearchAction\",\"target\":{\"@type\":\"EntryPoint\",\"urlTemplate\":\"\/?s={search_term_string}\"},\"query-input\":\"required name=search_term_string\"}],\"inLanguage\":\"en-US\"},{\"@type\":\"Organization\",\"@id\":\"\/#organization\",\"name\":\"Sensorial\",\"url\":\"\/\",\"logo\":{\"@type\":\"ImageObject\",\"inLanguage\":\"en-US\",\"@id\":\"\/#\/schema\/logo\/image\/\",\"url\":\"https:\/\/sensorialbio.com\/wp-content\/uploads\/2023\/03\/LOGO-Sensorial_white.svg\",\"contentUrl\":\"https:\/\/sensorialbio.com\/wp-content\/uploads\/2023\/03\/LOGO-Sensorial_white.svg\",\"width\":1328,\"height\":511,\"caption\":\"Sensorial\"},\"image\":{\"@id\":\"\/#\/schema\/logo\/image\/\"}}]}<\/script>\n<!-- \/ Yoast SEO plugin. -->","yoast_head_json":{"title":"Luteraia - Sensorial","robots":{"index":"noindex","follow":"follow","max-snippet":"max-snippet:-1","max-image-preview":"max-image-preview:large","max-video-preview":"max-video-preview:-1"},"og_locale":"en_US","og_type":"article","og_title":"Luteraia - Sensorial","og_description":"Nobile di Montepulciano 2017 - DOCG  \"Der Traum von Sergio\"  &nbsp;  Klassisch und elegant, aber mit einer funky Seele. Strukturiert und anhaltend im Mund, hinterl\u00e4sst er bei jedem Schluck einen angenehmen Nachgeschmack. Ein langlebiger Wein, der mit der Zeit immer besser wird.","og_url":"https:\/\/sensorialbio.com\/en\/produkt\/lutheraia-2017\/","og_site_name":"Sensorial","article_modified_time":"2025-02-27T12:27:29+00:00","og_image":[{"width":1729,"height":2000,"url":"https:\/\/sensorialbio.com\/wp-content\/uploads\/2023\/12\/Luteraia-207-Front.jpg","type":"image\/jpeg"}],"twitter_card":"summary_large_image","twitter_misc":{"Est. reading time":"1 minute"},"schema":{"@context":"https:\/\/schema.org","@graph":[{"@type":"WebPage","@id":"https:\/\/sensorialbio.com\/en\/produkt\/lutheraia-2017\/","url":"https:\/\/sensorialbio.com\/en\/produkt\/lutheraia-2017\/","name":"Luteraia - Sensorial","isPartOf":{"@id":"\/#website"},"datePublished":"2024-01-08T16:17:37+00:00","dateModified":"2025-02-27T12:27:29+00:00","breadcrumb":{"@id":"https:\/\/sensorialbio.com\/en\/produkt\/lutheraia-2017\/#breadcrumb"},"inLanguage":"en-US","potentialAction":[{"@type":"ReadAction","target":["https:\/\/sensorialbio.com\/en\/produkt\/lutheraia-2017\/"]}]},{"@type":"BreadcrumbList","@id":"https:\/\/sensorialbio.com\/en\/produkt\/lutheraia-2017\/#breadcrumb","itemListElement":[{"@type":"ListItem","position":1,"name":"Startseite","item":"https:\/\/sensorialbio.com\/en\/"},{"@type":"ListItem","position":2,"name":"Luteraia"}]},{"@type":"WebSite","@id":"\/#website","url":"\/","name":"Sensorial","description":"Produkte f\u00fcr deinen 6. Sinn!","publisher":{"@id":"\/#organization"},"potentialAction":[{"@type":"SearchAction","target":{"@type":"EntryPoint","urlTemplate":"\/?s={search_term_string}"},"query-input":"required name=search_term_string"}],"inLanguage":"en-US"},{"@type":"Organization","@id":"\/#organization","name":"Sensorial","url":"\/","logo":{"@type":"ImageObject","inLanguage":"en-US","@id":"\/#\/schema\/logo\/image\/","url":"https:\/\/sensorialbio.com\/wp-content\/uploads\/2023\/03\/LOGO-Sensorial_white.svg","contentUrl":"https:\/\/sensorialbio.com\/wp-content\/uploads\/2023\/03\/LOGO-Sensorial_white.svg","width":1328,"height":511,"caption":"Sensorial"},"image":{"@id":"\/#\/schema\/logo\/image\/"}}]}},"_links":{"self":[{"href":"https:\/\/sensorialbio.com\/en\/wp-json\/wp\/v2\/product\/2118","targetHints":{"allow":["GET"]}}],"collection":[{"href":"https:\/\/sensorialbio.com\/en\/wp-json\/wp\/v2\/product"}],"about":[{"href":"https:\/\/sensorialbio.com\/en\/wp-json\/wp\/v2\/types\/product"}],"replies":[{"embeddable":true,"href":"https:\/\/sensorialbio.com\/en\/wp-json\/wp\/v2\/comments?post=2118"}],"wp:featuredmedia":[{"embeddable":true,"href":"https:\/\/sensorialbio.com\/en\/wp-json\/wp\/v2\/media\/2109"}],"wp:attachment":[{"href":"https:\/\/sensorialbio.com\/en\/wp-json\/wp\/v2\/media?parent=2118"}],"wp:term":[{"taxonomy":"product_cat","embeddable":true,"href":"https:\/\/sensorialbio.com\/en\/wp-json\/wp\/v2\/product_cat?post=2118"},{"taxonomy":"product_tag","embeddable":true,"href":"https:\/\/sensorialbio.com\/en\/wp-json\/wp\/v2\/product_tag?post=2118"}],"curies":[{"name":"wp","href":"https:\/\/api.w.org\/{rel}","templated":true}]}}