{"id":137,"date":"2023-03-21T10:21:01","date_gmt":"2023-03-21T09:21:01","guid":{"rendered":"https:\/\/sensorial.devetablir.hera.wpspace.me\/?post_type=product&#038;p=137"},"modified":"2025-02-27T14:04:43","modified_gmt":"2025-02-27T13:04:43","slug":"lemuria","status":"publish","type":"product","link":"https:\/\/sensorialbio.com\/it\/produkt\/lemuria\/","title":{"rendered":"Lemuria"},"content":{"rendered":"<p>Lemuria mit seinem indigoblauen Farbton wird mit einer Amethystgeode vinifiziert, so dass der durch die Schwingungen des Kristalls gemilderte Alkohol \u201eIndigo\u201c wird. Durch die Verbindung von \u00d6kologischer Tradition und Quantenphysik entsteht eine Einheit, aus der Lemuria seine Inspiration bezieht. Die Reifung in franz\u00f6sischen Eichenf\u00e4ssern f\u00fcr mindestens ein Jahr verleiht dem Wein Struktur und Tannin. Die mindestens zweij\u00e4hrige Reifung in der Flasche erm\u00f6glicht es Lemuria, sich endg\u00fcltig in \u201eIndigo&#8221; zu verwandeln. Dies ist die Zeit, in der sich der Wein zusammenf\u00fcgt und Lebenskraft und Geschmack zu einer harmonischen Einheit verschmelzen k\u00f6nnen. Er ist ein Erlebnis f\u00fcr Mund und Nase und wird in Verkostungen mit Hunderten von verschiedenen Zutaten kombiniert. Wenn Lemuria bei jeder Verkostung mit einer beliebigen Zutat harmoniert, kann man es als &#8220;sensorisch&#8221; bezeichnen. Lemuria ist kein Wein, sondern eine Lebenserfahrung. Ein Wein und nicht weniger als f\u00fcnf sensorische Erlebnisse, die dich sprachlos machen und dich f\u00fcr immer an diesen Wein erinnern werden. Hier ist der ber\u00fchmte sinnliche Indigowein.<\/p>\n","protected":false},"excerpt":{"rendered":"<p>Sensorialer Indigowein &#8211; IGT Toskana<\/p>\n<p><em><strong>&#8220;Die Essenz in dir&#8221;<\/strong><\/em><\/p>\n<p>&nbsp;<\/p>\n<p>Elegant und raffiniert, samtig im Mund, ein langlebiger Wein mit gro\u00dfen Qualit\u00e4ten. Kann jede Delikatesse begleiten, da er sich auf molekularer Ebene an jedes Gericht anpassen kann.<\/p>\n","protected":false},"featured_media":1953,"comment_status":"open","ping_status":"closed","template":"","meta":[],"product_cat":[15,16],"product_tag":[],"class_list":["post-137","product","type-product","status-publish","has-post-thumbnail","hentry","product_cat-alle","product_cat-taste-sens","sales-flash-overlay","woocommerce-text-align-left","woocommerce-image-align-center","do-quantity-buttons","wc-has-gallery"],"acf":[],"yoast_head":"<!-- This site is optimized with the Yoast SEO plugin v21.1 - https:\/\/yoast.com\/wordpress\/plugins\/seo\/ -->\n<title>Lemuria - Sensorial<\/title>\n<meta name=\"robots\" content=\"noindex, follow, max-snippet:-1, max-image-preview:large, max-video-preview:-1\" \/>\n<meta property=\"og:locale\" content=\"it_IT\" \/>\n<meta property=\"og:type\" content=\"article\" \/>\n<meta property=\"og:title\" content=\"Lemuria - Sensorial\" \/>\n<meta property=\"og:description\" content=\"Sensorialer Indigowein - IGT Toskana  &quot;Die Essenz in dir&quot;  &nbsp;  Elegant und raffiniert, samtig im Mund, ein langlebiger Wein mit gro\u00dfen Qualit\u00e4ten. Kann jede Delikatesse begleiten, da er sich auf molekularer Ebene an jedes Gericht anpassen kann.\" \/>\n<meta property=\"og:url\" content=\"https:\/\/sensorialbio.com\/it\/produkt\/lemuria\/\" \/>\n<meta property=\"og:site_name\" content=\"Sensorial\" \/>\n<meta property=\"article:modified_time\" content=\"2025-02-27T13:04:43+00:00\" \/>\n<meta property=\"og:image\" content=\"https:\/\/sensorialbio.com\/wp-content\/uploads\/2023\/03\/Unbenannt-3-1.jpg\" \/>\n\t<meta property=\"og:image:width\" content=\"1729\" \/>\n\t<meta property=\"og:image:height\" content=\"2000\" \/>\n\t<meta property=\"og:image:type\" content=\"image\/jpeg\" \/>\n<meta name=\"twitter:card\" content=\"summary_large_image\" \/>\n<meta name=\"twitter:label1\" content=\"Tempo di lettura stimato\" \/>\n\t<meta name=\"twitter:data1\" content=\"1 minuto\" \/>\n<script type=\"application\/ld+json\" class=\"yoast-schema-graph\">{\"@context\":\"https:\/\/schema.org\",\"@graph\":[{\"@type\":\"WebPage\",\"@id\":\"https:\/\/sensorialbio.com\/it\/produkt\/lemuria\/\",\"url\":\"https:\/\/sensorialbio.com\/it\/produkt\/lemuria\/\",\"name\":\"Lemuria - Sensorial\",\"isPartOf\":{\"@id\":\"\/#website\"},\"datePublished\":\"2023-03-21T09:21:01+00:00\",\"dateModified\":\"2025-02-27T13:04:43+00:00\",\"breadcrumb\":{\"@id\":\"https:\/\/sensorialbio.com\/it\/produkt\/lemuria\/#breadcrumb\"},\"inLanguage\":\"it-IT\",\"potentialAction\":[{\"@type\":\"ReadAction\",\"target\":[\"https:\/\/sensorialbio.com\/it\/produkt\/lemuria\/\"]}]},{\"@type\":\"BreadcrumbList\",\"@id\":\"https:\/\/sensorialbio.com\/it\/produkt\/lemuria\/#breadcrumb\",\"itemListElement\":[{\"@type\":\"ListItem\",\"position\":1,\"name\":\"Startseite\",\"item\":\"https:\/\/sensorialbio.com\/it\/\"},{\"@type\":\"ListItem\",\"position\":2,\"name\":\"Lemuria\"}]},{\"@type\":\"WebSite\",\"@id\":\"\/#website\",\"url\":\"\/\",\"name\":\"Sensorial\",\"description\":\"Produkte f\u00fcr deinen 6. Sinn!\",\"publisher\":{\"@id\":\"\/#organization\"},\"potentialAction\":[{\"@type\":\"SearchAction\",\"target\":{\"@type\":\"EntryPoint\",\"urlTemplate\":\"\/?s={search_term_string}\"},\"query-input\":\"required name=search_term_string\"}],\"inLanguage\":\"it-IT\"},{\"@type\":\"Organization\",\"@id\":\"\/#organization\",\"name\":\"Sensorial\",\"url\":\"\/\",\"logo\":{\"@type\":\"ImageObject\",\"inLanguage\":\"it-IT\",\"@id\":\"\/#\/schema\/logo\/image\/\",\"url\":\"https:\/\/sensorialbio.com\/wp-content\/uploads\/2023\/03\/LOGO-Sensorial_white.svg\",\"contentUrl\":\"https:\/\/sensorialbio.com\/wp-content\/uploads\/2023\/03\/LOGO-Sensorial_white.svg\",\"width\":1328,\"height\":511,\"caption\":\"Sensorial\"},\"image\":{\"@id\":\"\/#\/schema\/logo\/image\/\"}}]}<\/script>\n<!-- \/ Yoast SEO plugin. -->","yoast_head_json":{"title":"Lemuria - Sensorial","robots":{"index":"noindex","follow":"follow","max-snippet":"max-snippet:-1","max-image-preview":"max-image-preview:large","max-video-preview":"max-video-preview:-1"},"og_locale":"it_IT","og_type":"article","og_title":"Lemuria - Sensorial","og_description":"Sensorialer Indigowein - IGT Toskana  \"Die Essenz in dir\"  &nbsp;  Elegant und raffiniert, samtig im Mund, ein langlebiger Wein mit gro\u00dfen Qualit\u00e4ten. Kann jede Delikatesse begleiten, da er sich auf molekularer Ebene an jedes Gericht anpassen kann.","og_url":"https:\/\/sensorialbio.com\/it\/produkt\/lemuria\/","og_site_name":"Sensorial","article_modified_time":"2025-02-27T13:04:43+00:00","og_image":[{"width":1729,"height":2000,"url":"https:\/\/sensorialbio.com\/wp-content\/uploads\/2023\/03\/Unbenannt-3-1.jpg","type":"image\/jpeg"}],"twitter_card":"summary_large_image","twitter_misc":{"Tempo di lettura stimato":"1 minuto"},"schema":{"@context":"https:\/\/schema.org","@graph":[{"@type":"WebPage","@id":"https:\/\/sensorialbio.com\/it\/produkt\/lemuria\/","url":"https:\/\/sensorialbio.com\/it\/produkt\/lemuria\/","name":"Lemuria - Sensorial","isPartOf":{"@id":"\/#website"},"datePublished":"2023-03-21T09:21:01+00:00","dateModified":"2025-02-27T13:04:43+00:00","breadcrumb":{"@id":"https:\/\/sensorialbio.com\/it\/produkt\/lemuria\/#breadcrumb"},"inLanguage":"it-IT","potentialAction":[{"@type":"ReadAction","target":["https:\/\/sensorialbio.com\/it\/produkt\/lemuria\/"]}]},{"@type":"BreadcrumbList","@id":"https:\/\/sensorialbio.com\/it\/produkt\/lemuria\/#breadcrumb","itemListElement":[{"@type":"ListItem","position":1,"name":"Startseite","item":"https:\/\/sensorialbio.com\/it\/"},{"@type":"ListItem","position":2,"name":"Lemuria"}]},{"@type":"WebSite","@id":"\/#website","url":"\/","name":"Sensorial","description":"Produkte f\u00fcr deinen 6. Sinn!","publisher":{"@id":"\/#organization"},"potentialAction":[{"@type":"SearchAction","target":{"@type":"EntryPoint","urlTemplate":"\/?s={search_term_string}"},"query-input":"required name=search_term_string"}],"inLanguage":"it-IT"},{"@type":"Organization","@id":"\/#organization","name":"Sensorial","url":"\/","logo":{"@type":"ImageObject","inLanguage":"it-IT","@id":"\/#\/schema\/logo\/image\/","url":"https:\/\/sensorialbio.com\/wp-content\/uploads\/2023\/03\/LOGO-Sensorial_white.svg","contentUrl":"https:\/\/sensorialbio.com\/wp-content\/uploads\/2023\/03\/LOGO-Sensorial_white.svg","width":1328,"height":511,"caption":"Sensorial"},"image":{"@id":"\/#\/schema\/logo\/image\/"}}]}},"_links":{"self":[{"href":"https:\/\/sensorialbio.com\/it\/wp-json\/wp\/v2\/product\/137","targetHints":{"allow":["GET"]}}],"collection":[{"href":"https:\/\/sensorialbio.com\/it\/wp-json\/wp\/v2\/product"}],"about":[{"href":"https:\/\/sensorialbio.com\/it\/wp-json\/wp\/v2\/types\/product"}],"replies":[{"embeddable":true,"href":"https:\/\/sensorialbio.com\/it\/wp-json\/wp\/v2\/comments?post=137"}],"wp:featuredmedia":[{"embeddable":true,"href":"https:\/\/sensorialbio.com\/it\/wp-json\/wp\/v2\/media\/1953"}],"wp:attachment":[{"href":"https:\/\/sensorialbio.com\/it\/wp-json\/wp\/v2\/media?parent=137"}],"wp:term":[{"taxonomy":"product_cat","embeddable":true,"href":"https:\/\/sensorialbio.com\/it\/wp-json\/wp\/v2\/product_cat?post=137"},{"taxonomy":"product_tag","embeddable":true,"href":"https:\/\/sensorialbio.com\/it\/wp-json\/wp\/v2\/product_tag?post=137"}],"curies":[{"name":"wp","href":"https:\/\/api.w.org\/{rel}","templated":true}]}}