{"id":156,"date":"2023-03-21T13:35:27","date_gmt":"2023-03-21T12:35:27","guid":{"rendered":"https:\/\/sensorial.devetablir.hera.wpspace.me\/?post_type=product&#038;p=156"},"modified":"2023-10-25T15:18:04","modified_gmt":"2023-10-25T13:18:04","slug":"your-essence","status":"publish","type":"product","link":"https:\/\/sensorialbio.com\/it\/produkt\/your-essence\/","title":{"rendered":"Your Essence"},"content":{"rendered":"<p class=\"p1\">&#8220;Your Essence&#8221; ist eine einzigartige, ganzheitliche Substanz, die auf 13 Ebenen des K\u00f6rpers wirkt und bei verschiedenen Alltagsproblemen wie Unruhezust\u00e4nden, Burnout und Ver\u00e4nderungsprozessen unterst\u00fctzt. Mit einem speziellen Verfahren aus der Quantenphysik wird sie individuell f\u00fcr Dich erstellt und kann bedenkenlos von Schwangeren und Kindern eingenommen werden. Your Essence wird speziell f\u00fcr Dich erstellt. Sie besteht aus vielen traditionellen Methoden und Anwendungstechniken aus der <span class=\"s1\">ganzheitlichen Heilkunde<\/span>. Mit einem speziellen Verfahren aus der Quantenphysik wurden die Techniken zu einer Symbiose zusammengefasst und in deiner Essenz komprimiert. Das macht sie einzigartig. Sie wirkt auf 13 Ebenen aus denen Du bestehst, im hochfrequenten Wellenbereich des Gehirns bis hin zu den Meridianen und k\u00f6rpernahen Energiezentren. Die Essenz wird <b>nicht klassisch mit Alkohol<\/b> angereichert, sondern mit einem mineralstoffhaltigen Salz. Die Essenz kann bedenkenlos auch von Schwangeren und Kindern eingenommen werden kann.<\/p>\n<p class=\"p1\">Your Essence ist ein vielseitig anwendbarer Schl\u00fcssel zu unterschiedlichsten Vorkommnissen aus dem Alltag wie Unruhezust\u00e4nden, Burnout, Schockzust\u00e4nde, Krisenbew\u00e4ltigung, Gr\u00fcbeleien \u00fcber Lebens- oder Gesellschaftsthemen sowie Inneren Ver\u00e4nderungsprozessen. Im Allgemeinen unterst\u00fctzt Sie den Sensorialen Anteil in Dir.<\/p>\n<p class=\"p1\">Du erh\u00e4ltst alle speziell f\u00fcr dich ausgew\u00e4hlten Inhaltsstoffe zusammengefasst in einem PDF. Dazu ist das Hochladen eines aktuellen Fotos von dir notwendig, da wir dies beim Herstellungsprozess als Fundament verwenden.<\/p>\n<p class=\"p1\">\n","protected":false},"excerpt":{"rendered":"<p class=\"p1\">&#8220;Your Essence&#8221; ist eine einzigartige, ganzheitliche Substanz, die auf 13 Ebenen des K\u00f6rpers wirkt und bei verschiedenen Alltagsproblemen wie Unruhezust\u00e4nden, Burnout und Ver\u00e4nderungsprozessen unterst\u00fctzt. Mit einem speziellen Verfahren aus der Quantenphysik wird sie individuell f\u00fcr Dich erstellt und kann bedenkenlos von Schwangeren und Kindern eingenommen werden.<\/p>\n","protected":false},"featured_media":468,"comment_status":"open","ping_status":"closed","template":"","meta":[],"product_cat":[15,19],"product_tag":[],"class_list":["post-156","product","type-product","status-publish","has-post-thumbnail","hentry","product_cat-alle","product_cat-your-sens","sales-flash-overlay","woocommerce-text-align-left","woocommerce-image-align-center","do-quantity-buttons","wc-has-gallery"],"acf":[],"yoast_head":"<!-- This site is optimized with the Yoast SEO plugin v21.1 - https:\/\/yoast.com\/wordpress\/plugins\/seo\/ -->\n<title>Your Essence - Sensorial<\/title>\n<meta name=\"robots\" content=\"noindex, follow, max-snippet:-1, max-image-preview:large, max-video-preview:-1\" \/>\n<meta property=\"og:locale\" content=\"it_IT\" \/>\n<meta property=\"og:type\" content=\"article\" \/>\n<meta property=\"og:title\" content=\"Your Essence - Sensorial\" \/>\n<meta property=\"og:description\" content=\"&quot;Your Essence&quot; ist eine einzigartige, ganzheitliche Substanz, die auf 13 Ebenen des K\u00f6rpers wirkt und bei verschiedenen Alltagsproblemen wie Unruhezust\u00e4nden, Burnout und Ver\u00e4nderungsprozessen unterst\u00fctzt. Mit einem speziellen Verfahren aus der Quantenphysik wird sie individuell f\u00fcr Dich erstellt und kann bedenkenlos von Schwangeren und Kindern eingenommen werden.\" \/>\n<meta property=\"og:url\" content=\"https:\/\/sensorialbio.com\/it\/produkt\/your-essence\/\" \/>\n<meta property=\"og:site_name\" content=\"Sensorial\" \/>\n<meta property=\"article:modified_time\" content=\"2023-10-25T13:18:04+00:00\" \/>\n<meta property=\"og:image\" content=\"https:\/\/sensorialbio.com\/wp-content\/uploads\/2023\/03\/Essenze-single-Kopie.jpg\" \/>\n\t<meta property=\"og:image:width\" content=\"1200\" \/>\n\t<meta property=\"og:image:height\" content=\"1200\" \/>\n\t<meta property=\"og:image:type\" content=\"image\/jpeg\" \/>\n<meta name=\"twitter:card\" content=\"summary_large_image\" \/>\n<meta name=\"twitter:label1\" content=\"Tempo di lettura stimato\" \/>\n\t<meta name=\"twitter:data1\" content=\"2 minuti\" \/>\n<script type=\"application\/ld+json\" class=\"yoast-schema-graph\">{\"@context\":\"https:\/\/schema.org\",\"@graph\":[{\"@type\":\"WebPage\",\"@id\":\"https:\/\/sensorialbio.com\/it\/produkt\/your-essence\/\",\"url\":\"https:\/\/sensorialbio.com\/it\/produkt\/your-essence\/\",\"name\":\"Your Essence - Sensorial\",\"isPartOf\":{\"@id\":\"\/#website\"},\"datePublished\":\"2023-03-21T12:35:27+00:00\",\"dateModified\":\"2023-10-25T13:18:04+00:00\",\"breadcrumb\":{\"@id\":\"https:\/\/sensorialbio.com\/it\/produkt\/your-essence\/#breadcrumb\"},\"inLanguage\":\"it-IT\",\"potentialAction\":[{\"@type\":\"ReadAction\",\"target\":[\"https:\/\/sensorialbio.com\/it\/produkt\/your-essence\/\"]}]},{\"@type\":\"BreadcrumbList\",\"@id\":\"https:\/\/sensorialbio.com\/it\/produkt\/your-essence\/#breadcrumb\",\"itemListElement\":[{\"@type\":\"ListItem\",\"position\":1,\"name\":\"Startseite\",\"item\":\"https:\/\/sensorialbio.com\/it\/\"},{\"@type\":\"ListItem\",\"position\":2,\"name\":\"Your Essence\"}]},{\"@type\":\"WebSite\",\"@id\":\"\/#website\",\"url\":\"\/\",\"name\":\"Sensorial\",\"description\":\"Produkte f\u00fcr deinen 6. Sinn!\",\"publisher\":{\"@id\":\"\/#organization\"},\"potentialAction\":[{\"@type\":\"SearchAction\",\"target\":{\"@type\":\"EntryPoint\",\"urlTemplate\":\"\/?s={search_term_string}\"},\"query-input\":\"required name=search_term_string\"}],\"inLanguage\":\"it-IT\"},{\"@type\":\"Organization\",\"@id\":\"\/#organization\",\"name\":\"Sensorial\",\"url\":\"\/\",\"logo\":{\"@type\":\"ImageObject\",\"inLanguage\":\"it-IT\",\"@id\":\"\/#\/schema\/logo\/image\/\",\"url\":\"https:\/\/sensorialbio.com\/wp-content\/uploads\/2023\/03\/LOGO-Sensorial_white.svg\",\"contentUrl\":\"https:\/\/sensorialbio.com\/wp-content\/uploads\/2023\/03\/LOGO-Sensorial_white.svg\",\"width\":1328,\"height\":511,\"caption\":\"Sensorial\"},\"image\":{\"@id\":\"\/#\/schema\/logo\/image\/\"}}]}<\/script>\n<!-- \/ Yoast SEO plugin. -->","yoast_head_json":{"title":"Your Essence - Sensorial","robots":{"index":"noindex","follow":"follow","max-snippet":"max-snippet:-1","max-image-preview":"max-image-preview:large","max-video-preview":"max-video-preview:-1"},"og_locale":"it_IT","og_type":"article","og_title":"Your Essence - Sensorial","og_description":"\"Your Essence\" ist eine einzigartige, ganzheitliche Substanz, die auf 13 Ebenen des K\u00f6rpers wirkt und bei verschiedenen Alltagsproblemen wie Unruhezust\u00e4nden, Burnout und Ver\u00e4nderungsprozessen unterst\u00fctzt. Mit einem speziellen Verfahren aus der Quantenphysik wird sie individuell f\u00fcr Dich erstellt und kann bedenkenlos von Schwangeren und Kindern eingenommen werden.","og_url":"https:\/\/sensorialbio.com\/it\/produkt\/your-essence\/","og_site_name":"Sensorial","article_modified_time":"2023-10-25T13:18:04+00:00","og_image":[{"width":1200,"height":1200,"url":"https:\/\/sensorialbio.com\/wp-content\/uploads\/2023\/03\/Essenze-single-Kopie.jpg","type":"image\/jpeg"}],"twitter_card":"summary_large_image","twitter_misc":{"Tempo di lettura stimato":"2 minuti"},"schema":{"@context":"https:\/\/schema.org","@graph":[{"@type":"WebPage","@id":"https:\/\/sensorialbio.com\/it\/produkt\/your-essence\/","url":"https:\/\/sensorialbio.com\/it\/produkt\/your-essence\/","name":"Your Essence - Sensorial","isPartOf":{"@id":"\/#website"},"datePublished":"2023-03-21T12:35:27+00:00","dateModified":"2023-10-25T13:18:04+00:00","breadcrumb":{"@id":"https:\/\/sensorialbio.com\/it\/produkt\/your-essence\/#breadcrumb"},"inLanguage":"it-IT","potentialAction":[{"@type":"ReadAction","target":["https:\/\/sensorialbio.com\/it\/produkt\/your-essence\/"]}]},{"@type":"BreadcrumbList","@id":"https:\/\/sensorialbio.com\/it\/produkt\/your-essence\/#breadcrumb","itemListElement":[{"@type":"ListItem","position":1,"name":"Startseite","item":"https:\/\/sensorialbio.com\/it\/"},{"@type":"ListItem","position":2,"name":"Your Essence"}]},{"@type":"WebSite","@id":"\/#website","url":"\/","name":"Sensorial","description":"Produkte f\u00fcr deinen 6. Sinn!","publisher":{"@id":"\/#organization"},"potentialAction":[{"@type":"SearchAction","target":{"@type":"EntryPoint","urlTemplate":"\/?s={search_term_string}"},"query-input":"required name=search_term_string"}],"inLanguage":"it-IT"},{"@type":"Organization","@id":"\/#organization","name":"Sensorial","url":"\/","logo":{"@type":"ImageObject","inLanguage":"it-IT","@id":"\/#\/schema\/logo\/image\/","url":"https:\/\/sensorialbio.com\/wp-content\/uploads\/2023\/03\/LOGO-Sensorial_white.svg","contentUrl":"https:\/\/sensorialbio.com\/wp-content\/uploads\/2023\/03\/LOGO-Sensorial_white.svg","width":1328,"height":511,"caption":"Sensorial"},"image":{"@id":"\/#\/schema\/logo\/image\/"}}]}},"_links":{"self":[{"href":"https:\/\/sensorialbio.com\/it\/wp-json\/wp\/v2\/product\/156","targetHints":{"allow":["GET"]}}],"collection":[{"href":"https:\/\/sensorialbio.com\/it\/wp-json\/wp\/v2\/product"}],"about":[{"href":"https:\/\/sensorialbio.com\/it\/wp-json\/wp\/v2\/types\/product"}],"replies":[{"embeddable":true,"href":"https:\/\/sensorialbio.com\/it\/wp-json\/wp\/v2\/comments?post=156"}],"wp:featuredmedia":[{"embeddable":true,"href":"https:\/\/sensorialbio.com\/it\/wp-json\/wp\/v2\/media\/468"}],"wp:attachment":[{"href":"https:\/\/sensorialbio.com\/it\/wp-json\/wp\/v2\/media?parent=156"}],"wp:term":[{"taxonomy":"product_cat","embeddable":true,"href":"https:\/\/sensorialbio.com\/it\/wp-json\/wp\/v2\/product_cat?post=156"},{"taxonomy":"product_tag","embeddable":true,"href":"https:\/\/sensorialbio.com\/it\/wp-json\/wp\/v2\/product_tag?post=156"}],"curies":[{"name":"wp","href":"https:\/\/api.w.org\/{rel}","templated":true}]}}