{"id":157,"date":"2023-03-21T13:38:51","date_gmt":"2023-03-21T12:38:51","guid":{"rendered":"https:\/\/sensorial.devetablir.hera.wpspace.me\/?post_type=product&#038;p=157"},"modified":"2025-02-27T14:45:18","modified_gmt":"2025-02-27T13:45:18","slug":"lavendel","status":"publish","type":"product","link":"https:\/\/sensorialbio.com\/it\/produkt\/lavendel\/","title":{"rendered":"Lavendel"},"content":{"rendered":"<p class=\"p1\">Lavendel ist eine seit Jahrtausend bew\u00e4hrte Pflanze die wohltuend auf den menschlichen Organismus wirkt. Die robuste Pflanze mit ihren kompakten Kissenf\u00f6rmigen Bl\u00fctenst\u00e4nden hat seine Zulassung als Arzneimittel bei innerer Unruhe, nerv\u00f6sen Ersch\u00f6pfungszust\u00e4nden, Einschlafst\u00f6rungen und Linderung von Angstst\u00f6rungen mehr als verdient.<\/p>\n<p>&nbsp;<\/p>\n<p class=\"p1\">Wir haben uns f\u00fcr Lavendel entschieden, da er auf ganzheitlicher Ebene einen f\u00f6rderlichen Effekt bei der Absorbierung von Emotionen aufweist und unterst\u00fctzend bei Stimmungsschwankungen zum Einsatz kommt. Auf ganzheitlicher Ebene erzielt er sehr gute Effekte in den Energiezenten der Leber und der Augen. Unser Lavendel w\u00e4chst ausschlie\u00dflich in deutschen G\u00e4rten auf und wird Handverlesen. Durch Anwendung eines biologischen Protokolls beim Anbau und der ausreichenden Lufttrocknung erh\u00e4lt der Lavendel seine Quantenphysischen Eigenschaften. Der intensive Duft verleiht seiner Umgebung eine harmonische Schwingung.<\/p>\n","protected":false},"excerpt":{"rendered":"<p>Unser handverlesener Lavendel aus deutschen G\u00e4rten unterst\u00fctzt auf ganzheitlicher Ebene bei der Absorbierung von Emotionen und Stimmungsschwankungen, w\u00e4hrend sein intensiver Duft eine harmonische Schwingung in seiner Umgebung erzeugt.<\/p>\n","protected":false},"featured_media":1040,"comment_status":"open","ping_status":"closed","template":"","meta":[],"product_cat":[15,72],"product_tag":[],"class_list":["post-157","product","type-product","status-publish","has-post-thumbnail","hentry","product_cat-alle","product_cat-natural-sense","sales-flash-overlay","woocommerce-text-align-left","woocommerce-image-align-center","do-quantity-buttons"],"acf":[],"yoast_head":"<!-- This site is optimized with the Yoast SEO plugin v21.1 - https:\/\/yoast.com\/wordpress\/plugins\/seo\/ -->\n<title>Lavendel - Sensorial<\/title>\n<meta name=\"robots\" content=\"noindex, follow, max-snippet:-1, max-image-preview:large, max-video-preview:-1\" \/>\n<meta property=\"og:locale\" content=\"it_IT\" \/>\n<meta property=\"og:type\" content=\"article\" \/>\n<meta property=\"og:title\" content=\"Lavendel - Sensorial\" \/>\n<meta property=\"og:description\" content=\"Unser handverlesener Lavendel aus deutschen G\u00e4rten unterst\u00fctzt auf ganzheitlicher Ebene bei der Absorbierung von Emotionen und Stimmungsschwankungen, w\u00e4hrend sein intensiver Duft eine harmonische Schwingung in seiner Umgebung erzeugt.\" \/>\n<meta property=\"og:url\" content=\"https:\/\/sensorialbio.com\/it\/produkt\/lavendel\/\" \/>\n<meta property=\"og:site_name\" content=\"Sensorial\" \/>\n<meta property=\"article:modified_time\" content=\"2025-02-27T13:45:18+00:00\" \/>\n<meta property=\"og:image\" content=\"https:\/\/sensorialbio.com\/wp-content\/uploads\/2023\/03\/Lavendel-Kissen-Kopie-1.jpg\" \/>\n\t<meta property=\"og:image:width\" content=\"1200\" \/>\n\t<meta property=\"og:image:height\" content=\"1200\" \/>\n\t<meta property=\"og:image:type\" content=\"image\/jpeg\" \/>\n<meta name=\"twitter:card\" content=\"summary_large_image\" \/>\n<meta name=\"twitter:label1\" content=\"Tempo di lettura stimato\" \/>\n\t<meta name=\"twitter:data1\" content=\"1 minuto\" \/>\n<script type=\"application\/ld+json\" class=\"yoast-schema-graph\">{\"@context\":\"https:\/\/schema.org\",\"@graph\":[{\"@type\":\"WebPage\",\"@id\":\"https:\/\/sensorialbio.com\/it\/produkt\/lavendel\/\",\"url\":\"https:\/\/sensorialbio.com\/it\/produkt\/lavendel\/\",\"name\":\"Lavendel - Sensorial\",\"isPartOf\":{\"@id\":\"\/#website\"},\"datePublished\":\"2023-03-21T12:38:51+00:00\",\"dateModified\":\"2025-02-27T13:45:18+00:00\",\"breadcrumb\":{\"@id\":\"https:\/\/sensorialbio.com\/it\/produkt\/lavendel\/#breadcrumb\"},\"inLanguage\":\"it-IT\",\"potentialAction\":[{\"@type\":\"ReadAction\",\"target\":[\"https:\/\/sensorialbio.com\/it\/produkt\/lavendel\/\"]}]},{\"@type\":\"BreadcrumbList\",\"@id\":\"https:\/\/sensorialbio.com\/it\/produkt\/lavendel\/#breadcrumb\",\"itemListElement\":[{\"@type\":\"ListItem\",\"position\":1,\"name\":\"Startseite\",\"item\":\"https:\/\/sensorialbio.com\/it\/\"},{\"@type\":\"ListItem\",\"position\":2,\"name\":\"Lavendel\"}]},{\"@type\":\"WebSite\",\"@id\":\"\/#website\",\"url\":\"\/\",\"name\":\"Sensorial\",\"description\":\"Produkte f\u00fcr deinen 6. Sinn!\",\"publisher\":{\"@id\":\"\/#organization\"},\"potentialAction\":[{\"@type\":\"SearchAction\",\"target\":{\"@type\":\"EntryPoint\",\"urlTemplate\":\"\/?s={search_term_string}\"},\"query-input\":\"required name=search_term_string\"}],\"inLanguage\":\"it-IT\"},{\"@type\":\"Organization\",\"@id\":\"\/#organization\",\"name\":\"Sensorial\",\"url\":\"\/\",\"logo\":{\"@type\":\"ImageObject\",\"inLanguage\":\"it-IT\",\"@id\":\"\/#\/schema\/logo\/image\/\",\"url\":\"https:\/\/sensorialbio.com\/wp-content\/uploads\/2023\/03\/LOGO-Sensorial_white.svg\",\"contentUrl\":\"https:\/\/sensorialbio.com\/wp-content\/uploads\/2023\/03\/LOGO-Sensorial_white.svg\",\"width\":1328,\"height\":511,\"caption\":\"Sensorial\"},\"image\":{\"@id\":\"\/#\/schema\/logo\/image\/\"}}]}<\/script>\n<!-- \/ Yoast SEO plugin. -->","yoast_head_json":{"title":"Lavendel - Sensorial","robots":{"index":"noindex","follow":"follow","max-snippet":"max-snippet:-1","max-image-preview":"max-image-preview:large","max-video-preview":"max-video-preview:-1"},"og_locale":"it_IT","og_type":"article","og_title":"Lavendel - Sensorial","og_description":"Unser handverlesener Lavendel aus deutschen G\u00e4rten unterst\u00fctzt auf ganzheitlicher Ebene bei der Absorbierung von Emotionen und Stimmungsschwankungen, w\u00e4hrend sein intensiver Duft eine harmonische Schwingung in seiner Umgebung erzeugt.","og_url":"https:\/\/sensorialbio.com\/it\/produkt\/lavendel\/","og_site_name":"Sensorial","article_modified_time":"2025-02-27T13:45:18+00:00","og_image":[{"width":1200,"height":1200,"url":"https:\/\/sensorialbio.com\/wp-content\/uploads\/2023\/03\/Lavendel-Kissen-Kopie-1.jpg","type":"image\/jpeg"}],"twitter_card":"summary_large_image","twitter_misc":{"Tempo di lettura stimato":"1 minuto"},"schema":{"@context":"https:\/\/schema.org","@graph":[{"@type":"WebPage","@id":"https:\/\/sensorialbio.com\/it\/produkt\/lavendel\/","url":"https:\/\/sensorialbio.com\/it\/produkt\/lavendel\/","name":"Lavendel - Sensorial","isPartOf":{"@id":"\/#website"},"datePublished":"2023-03-21T12:38:51+00:00","dateModified":"2025-02-27T13:45:18+00:00","breadcrumb":{"@id":"https:\/\/sensorialbio.com\/it\/produkt\/lavendel\/#breadcrumb"},"inLanguage":"it-IT","potentialAction":[{"@type":"ReadAction","target":["https:\/\/sensorialbio.com\/it\/produkt\/lavendel\/"]}]},{"@type":"BreadcrumbList","@id":"https:\/\/sensorialbio.com\/it\/produkt\/lavendel\/#breadcrumb","itemListElement":[{"@type":"ListItem","position":1,"name":"Startseite","item":"https:\/\/sensorialbio.com\/it\/"},{"@type":"ListItem","position":2,"name":"Lavendel"}]},{"@type":"WebSite","@id":"\/#website","url":"\/","name":"Sensorial","description":"Produkte f\u00fcr deinen 6. Sinn!","publisher":{"@id":"\/#organization"},"potentialAction":[{"@type":"SearchAction","target":{"@type":"EntryPoint","urlTemplate":"\/?s={search_term_string}"},"query-input":"required name=search_term_string"}],"inLanguage":"it-IT"},{"@type":"Organization","@id":"\/#organization","name":"Sensorial","url":"\/","logo":{"@type":"ImageObject","inLanguage":"it-IT","@id":"\/#\/schema\/logo\/image\/","url":"https:\/\/sensorialbio.com\/wp-content\/uploads\/2023\/03\/LOGO-Sensorial_white.svg","contentUrl":"https:\/\/sensorialbio.com\/wp-content\/uploads\/2023\/03\/LOGO-Sensorial_white.svg","width":1328,"height":511,"caption":"Sensorial"},"image":{"@id":"\/#\/schema\/logo\/image\/"}}]}},"_links":{"self":[{"href":"https:\/\/sensorialbio.com\/it\/wp-json\/wp\/v2\/product\/157","targetHints":{"allow":["GET"]}}],"collection":[{"href":"https:\/\/sensorialbio.com\/it\/wp-json\/wp\/v2\/product"}],"about":[{"href":"https:\/\/sensorialbio.com\/it\/wp-json\/wp\/v2\/types\/product"}],"replies":[{"embeddable":true,"href":"https:\/\/sensorialbio.com\/it\/wp-json\/wp\/v2\/comments?post=157"}],"wp:featuredmedia":[{"embeddable":true,"href":"https:\/\/sensorialbio.com\/it\/wp-json\/wp\/v2\/media\/1040"}],"wp:attachment":[{"href":"https:\/\/sensorialbio.com\/it\/wp-json\/wp\/v2\/media?parent=157"}],"wp:term":[{"taxonomy":"product_cat","embeddable":true,"href":"https:\/\/sensorialbio.com\/it\/wp-json\/wp\/v2\/product_cat?post=157"},{"taxonomy":"product_tag","embeddable":true,"href":"https:\/\/sensorialbio.com\/it\/wp-json\/wp\/v2\/product_tag?post=157"}],"curies":[{"name":"wp","href":"https:\/\/api.w.org\/{rel}","templated":true}]}}