{"id":2053,"date":"2023-12-19T17:35:47","date_gmt":"2023-12-19T16:35:47","guid":{"rendered":"https:\/\/sensorialbio.com\/?post_type=product&#038;p=2053"},"modified":"2025-02-27T13:28:07","modified_gmt":"2025-02-27T12:28:07","slug":"luteraia-2015","status":"publish","type":"product","link":"https:\/\/sensorialbio.com\/it\/produkt\/luteraia-2015\/","title":{"rendered":"Luteraia"},"content":{"rendered":"<p>Der Luteraia, dessen Farben mal rubinrot, mal violett oder granatrot sind, g\u00e4rt in Stahltanks und reift dann mindestens ein Jahr lang in edlen franz\u00f6sischen Eichenf\u00e4ssern, um den Wein harmonisch, strukturiert und vollmundig zu machen. Die Verfeinerung in der Flasche von mindestens vier Jahren ist der wichtigste Teil, in dem der Luteraia ruht und harmonisiert, um die besten Bouquets zu erzeugen. Luteraia erw\u00e4rmt die Herzen der Genie\u00dfer, indem er das Terroir von Montepulciano in seinem K\u00f6rper sp\u00fcren l\u00e4sst. Ein Wein, der Sie pl\u00f6tzlich umschmeichelt und Sie mit seiner Freundlichkeit f\u00fcr sich einnimmt.<\/p>\n<p>Der Wein, der das Unternehmen repr\u00e4sentiert, der Luteraia, der Wein, der im &#8220;B\u00f6ttcher&#8221;-Boden hergestellt wird, der reich an Schwefel und Mineralien ist, die uns an die ferne vulkanische Vergangenheit unseres Landes erinnern. Ein Wein, der jedes Jahr die Geschichte unseres Jahrgangs erz\u00e4hlt. Ein Wein, der in jeder Flasche die Geschichte unserer Familie erz\u00e4hlt, ein t\u00e4gliches und konkretes Engagement f\u00fcr die Bewahrung unserer Traditionen.<\/p>\n","protected":false},"excerpt":{"rendered":"<p>Nobile di Montepulciano 2015 Reserve &#8211; DOCG<\/p>\n<p><strong><em>&#8220;Die Seele eines Weines&#8221;<\/em><\/strong><\/p>\n<p>&nbsp;<\/p>\n<p>Reichhaltig und stoffig, gro\u00dfer K\u00f6rper. Ein reicher und warmer Wein, aber gleichzeitig sanft, feminin und elegant.<\/p>\n<p>Eine Kombination aus S\u00fc\u00dfe und Kraft.<\/p>\n","protected":false},"featured_media":2062,"comment_status":"open","ping_status":"closed","template":"","meta":[],"product_cat":[15,16],"product_tag":[],"class_list":["post-2053","product","type-product","status-publish","has-post-thumbnail","hentry","product_cat-alle","product_cat-taste-sens","sales-flash-overlay","woocommerce-text-align-left","woocommerce-image-align-center","do-quantity-buttons","wc-has-gallery"],"acf":[],"yoast_head":"<!-- This site is optimized with the Yoast SEO plugin v21.1 - https:\/\/yoast.com\/wordpress\/plugins\/seo\/ -->\n<title>Luteraia - Sensorial<\/title>\n<meta name=\"robots\" content=\"noindex, follow, max-snippet:-1, max-image-preview:large, max-video-preview:-1\" \/>\n<meta property=\"og:locale\" content=\"it_IT\" \/>\n<meta property=\"og:type\" content=\"article\" \/>\n<meta property=\"og:title\" content=\"Luteraia - Sensorial\" \/>\n<meta property=\"og:description\" content=\"Nobile di Montepulciano 2015 Reserve - DOCG  &quot;Die Seele eines Weines&quot;  &nbsp;  Reichhaltig und stoffig, gro\u00dfer K\u00f6rper. Ein reicher und warmer Wein, aber gleichzeitig sanft, feminin und elegant.  Eine Kombination aus S\u00fc\u00dfe und Kraft.\" \/>\n<meta property=\"og:url\" content=\"https:\/\/sensorialbio.com\/it\/produkt\/luteraia-2015\/\" \/>\n<meta property=\"og:site_name\" content=\"Sensorial\" \/>\n<meta property=\"article:modified_time\" content=\"2025-02-27T12:28:07+00:00\" \/>\n<meta property=\"og:image\" content=\"https:\/\/sensorialbio.com\/wp-content\/uploads\/2023\/12\/Luteria-2015-front.jpg\" \/>\n\t<meta property=\"og:image:width\" content=\"1729\" \/>\n\t<meta property=\"og:image:height\" content=\"2000\" \/>\n\t<meta property=\"og:image:type\" content=\"image\/jpeg\" \/>\n<meta name=\"twitter:card\" content=\"summary_large_image\" \/>\n<meta name=\"twitter:label1\" content=\"Tempo di lettura stimato\" \/>\n\t<meta name=\"twitter:data1\" content=\"1 minuto\" \/>\n<script type=\"application\/ld+json\" class=\"yoast-schema-graph\">{\"@context\":\"https:\/\/schema.org\",\"@graph\":[{\"@type\":\"WebPage\",\"@id\":\"https:\/\/sensorialbio.com\/it\/produkt\/luteraia-2015\/\",\"url\":\"https:\/\/sensorialbio.com\/it\/produkt\/luteraia-2015\/\",\"name\":\"Luteraia - Sensorial\",\"isPartOf\":{\"@id\":\"\/#website\"},\"datePublished\":\"2023-12-19T16:35:47+00:00\",\"dateModified\":\"2025-02-27T12:28:07+00:00\",\"breadcrumb\":{\"@id\":\"https:\/\/sensorialbio.com\/it\/produkt\/luteraia-2015\/#breadcrumb\"},\"inLanguage\":\"it-IT\",\"potentialAction\":[{\"@type\":\"ReadAction\",\"target\":[\"https:\/\/sensorialbio.com\/it\/produkt\/luteraia-2015\/\"]}]},{\"@type\":\"BreadcrumbList\",\"@id\":\"https:\/\/sensorialbio.com\/it\/produkt\/luteraia-2015\/#breadcrumb\",\"itemListElement\":[{\"@type\":\"ListItem\",\"position\":1,\"name\":\"Startseite\",\"item\":\"https:\/\/sensorialbio.com\/it\/\"},{\"@type\":\"ListItem\",\"position\":2,\"name\":\"Luteraia\"}]},{\"@type\":\"WebSite\",\"@id\":\"\/#website\",\"url\":\"\/\",\"name\":\"Sensorial\",\"description\":\"Produkte f\u00fcr deinen 6. Sinn!\",\"publisher\":{\"@id\":\"\/#organization\"},\"potentialAction\":[{\"@type\":\"SearchAction\",\"target\":{\"@type\":\"EntryPoint\",\"urlTemplate\":\"\/?s={search_term_string}\"},\"query-input\":\"required name=search_term_string\"}],\"inLanguage\":\"it-IT\"},{\"@type\":\"Organization\",\"@id\":\"\/#organization\",\"name\":\"Sensorial\",\"url\":\"\/\",\"logo\":{\"@type\":\"ImageObject\",\"inLanguage\":\"it-IT\",\"@id\":\"\/#\/schema\/logo\/image\/\",\"url\":\"https:\/\/sensorialbio.com\/wp-content\/uploads\/2023\/03\/LOGO-Sensorial_white.svg\",\"contentUrl\":\"https:\/\/sensorialbio.com\/wp-content\/uploads\/2023\/03\/LOGO-Sensorial_white.svg\",\"width\":1328,\"height\":511,\"caption\":\"Sensorial\"},\"image\":{\"@id\":\"\/#\/schema\/logo\/image\/\"}}]}<\/script>\n<!-- \/ Yoast SEO plugin. -->","yoast_head_json":{"title":"Luteraia - Sensorial","robots":{"index":"noindex","follow":"follow","max-snippet":"max-snippet:-1","max-image-preview":"max-image-preview:large","max-video-preview":"max-video-preview:-1"},"og_locale":"it_IT","og_type":"article","og_title":"Luteraia - Sensorial","og_description":"Nobile di Montepulciano 2015 Reserve - DOCG  \"Die Seele eines Weines\"  &nbsp;  Reichhaltig und stoffig, gro\u00dfer K\u00f6rper. Ein reicher und warmer Wein, aber gleichzeitig sanft, feminin und elegant.  Eine Kombination aus S\u00fc\u00dfe und Kraft.","og_url":"https:\/\/sensorialbio.com\/it\/produkt\/luteraia-2015\/","og_site_name":"Sensorial","article_modified_time":"2025-02-27T12:28:07+00:00","og_image":[{"width":1729,"height":2000,"url":"https:\/\/sensorialbio.com\/wp-content\/uploads\/2023\/12\/Luteria-2015-front.jpg","type":"image\/jpeg"}],"twitter_card":"summary_large_image","twitter_misc":{"Tempo di lettura stimato":"1 minuto"},"schema":{"@context":"https:\/\/schema.org","@graph":[{"@type":"WebPage","@id":"https:\/\/sensorialbio.com\/it\/produkt\/luteraia-2015\/","url":"https:\/\/sensorialbio.com\/it\/produkt\/luteraia-2015\/","name":"Luteraia - Sensorial","isPartOf":{"@id":"\/#website"},"datePublished":"2023-12-19T16:35:47+00:00","dateModified":"2025-02-27T12:28:07+00:00","breadcrumb":{"@id":"https:\/\/sensorialbio.com\/it\/produkt\/luteraia-2015\/#breadcrumb"},"inLanguage":"it-IT","potentialAction":[{"@type":"ReadAction","target":["https:\/\/sensorialbio.com\/it\/produkt\/luteraia-2015\/"]}]},{"@type":"BreadcrumbList","@id":"https:\/\/sensorialbio.com\/it\/produkt\/luteraia-2015\/#breadcrumb","itemListElement":[{"@type":"ListItem","position":1,"name":"Startseite","item":"https:\/\/sensorialbio.com\/it\/"},{"@type":"ListItem","position":2,"name":"Luteraia"}]},{"@type":"WebSite","@id":"\/#website","url":"\/","name":"Sensorial","description":"Produkte f\u00fcr deinen 6. Sinn!","publisher":{"@id":"\/#organization"},"potentialAction":[{"@type":"SearchAction","target":{"@type":"EntryPoint","urlTemplate":"\/?s={search_term_string}"},"query-input":"required name=search_term_string"}],"inLanguage":"it-IT"},{"@type":"Organization","@id":"\/#organization","name":"Sensorial","url":"\/","logo":{"@type":"ImageObject","inLanguage":"it-IT","@id":"\/#\/schema\/logo\/image\/","url":"https:\/\/sensorialbio.com\/wp-content\/uploads\/2023\/03\/LOGO-Sensorial_white.svg","contentUrl":"https:\/\/sensorialbio.com\/wp-content\/uploads\/2023\/03\/LOGO-Sensorial_white.svg","width":1328,"height":511,"caption":"Sensorial"},"image":{"@id":"\/#\/schema\/logo\/image\/"}}]}},"_links":{"self":[{"href":"https:\/\/sensorialbio.com\/it\/wp-json\/wp\/v2\/product\/2053","targetHints":{"allow":["GET"]}}],"collection":[{"href":"https:\/\/sensorialbio.com\/it\/wp-json\/wp\/v2\/product"}],"about":[{"href":"https:\/\/sensorialbio.com\/it\/wp-json\/wp\/v2\/types\/product"}],"replies":[{"embeddable":true,"href":"https:\/\/sensorialbio.com\/it\/wp-json\/wp\/v2\/comments?post=2053"}],"wp:featuredmedia":[{"embeddable":true,"href":"https:\/\/sensorialbio.com\/it\/wp-json\/wp\/v2\/media\/2062"}],"wp:attachment":[{"href":"https:\/\/sensorialbio.com\/it\/wp-json\/wp\/v2\/media?parent=2053"}],"wp:term":[{"taxonomy":"product_cat","embeddable":true,"href":"https:\/\/sensorialbio.com\/it\/wp-json\/wp\/v2\/product_cat?post=2053"},{"taxonomy":"product_tag","embeddable":true,"href":"https:\/\/sensorialbio.com\/it\/wp-json\/wp\/v2\/product_tag?post=2053"}],"curies":[{"name":"wp","href":"https:\/\/api.w.org\/{rel}","templated":true}]}}