{"id":355,"date":"2023-03-27T09:13:46","date_gmt":"2023-03-27T07:13:46","guid":{"rendered":"https:\/\/sensorial.devetablir.hera.wpspace.me\/?post_type=product&#038;p=355"},"modified":"2025-02-27T10:12:12","modified_gmt":"2025-02-27T09:12:12","slug":"sens-musik","status":"publish","type":"product","link":"https:\/\/sensorialbio.com\/it\/produkt\/sens-musik\/","title":{"rendered":"Brain Musik"},"content":{"rendered":"<p>Wenn du die einzelnen Varianten ausw\u00e4hlst, kannst du von jeden Track eine gesch\u00fctzte Probe anh\u00f6ren!<\/p>\n<p>Jede SENS MUSIC ist darauf ausgelegt den Maximalnutzen aus bestimmten emotionalen und mentalen Zust\u00e4nden zu ziehen. Lass dich von unserer SENS-MUSIC so mitrei\u00dfen, dass du schon nach wenigen Minuten des H\u00f6rens die au\u00dfergew\u00f6hnlichen Effekte sp\u00fcren kannst. Beim ersten Anh\u00f6ren kann jeder Track angenehm oder unangenehm erscheinen, dies wird durch den Zustand m\u00f6glicher harmonischer oder nichtharmonischer Resonanz mit den von SENS-MUSIC in deinem Gehirn erzeugten Schwingungsfrequenzen bestimmt. Lass dich in ein intensives H\u00f6rerlebnis entf\u00fchren, indem du dir eine angenehme Zeit f\u00fcr dich selbst nimmst. Je \u00f6fter du dir die einzelnen Tracks anh\u00f6rst, desto st\u00e4rker wird die Interaktion mit dir selbst, sodass langsam aber sicher ein Prozess der Neuausrichtung aller disharmonischen Schwingungsfrequenzen in dir beginnt. Das Ergebnis wird dir schon nach wenigen H\u00f6rdurchg\u00e4ngen klar sein.<\/p>\n<p><span data-ccp-props=\"{&quot;201341983&quot;:0,&quot;335551550&quot;:6,&quot;335551620&quot;:6,&quot;335559739&quot;:0,&quot;335559740&quot;:259}\">\u00a0<\/span><\/p>\n","protected":false},"excerpt":{"rendered":"<p>Wenn du die einzelnen Varianten ausw\u00e4hlst, kannst du von jeden Track eine gesch\u00fctzte Probe anh\u00f6ren! Jede SENS MUSIC ist darauf ausgelegt den Maximalnutzen aus bestimmten emotionalen und mentalen Zust\u00e4nden zu ziehen. Lass dich von unserer SENS-MUSIC so mitrei\u00dfen, dass du schon nach wenigen Minuten des H\u00f6rens die au\u00dfergew\u00f6hnlichen Effekte sp\u00fcren kannst. Beim ersten Anh\u00f6ren kann &#8230; <a title=\"Brain Musik\" class=\"read-more\" href=\"https:\/\/sensorialbio.com\/it\/produkt\/sens-musik\/\" aria-label=\"Leggi di pi\u00f9 su Brain Musik\">Leggi tutto<\/a><\/p>\n","protected":false},"featured_media":1038,"comment_status":"open","ping_status":"closed","template":"","meta":[],"product_cat":[15,17],"product_tag":[],"class_list":["post-355","product","type-product","status-publish","has-post-thumbnail","hentry","product_cat-alle","product_cat-music-sens","product_shipping_class-digitale-produkte","sales-flash-overlay","woocommerce-text-align-left","woocommerce-image-align-center","do-quantity-buttons","wc-has-gallery"],"acf":[],"yoast_head":"<!-- This site is optimized with the Yoast SEO plugin v21.1 - https:\/\/yoast.com\/wordpress\/plugins\/seo\/ -->\n<title>Brain Musik - Sensorial<\/title>\n<meta name=\"robots\" content=\"noindex, follow, max-snippet:-1, max-image-preview:large, max-video-preview:-1\" \/>\n<meta property=\"og:locale\" content=\"it_IT\" \/>\n<meta property=\"og:type\" content=\"article\" \/>\n<meta property=\"og:title\" content=\"Brain Musik - Sensorial\" \/>\n<meta property=\"og:description\" content=\"Wenn du die einzelnen Varianten ausw\u00e4hlst, kannst du von jeden Track eine gesch\u00fctzte Probe anh\u00f6ren! Jede SENS MUSIC ist darauf ausgelegt den Maximalnutzen aus bestimmten emotionalen und mentalen Zust\u00e4nden zu ziehen. Lass dich von unserer SENS-MUSIC so mitrei\u00dfen, dass du schon nach wenigen Minuten des H\u00f6rens die au\u00dfergew\u00f6hnlichen Effekte sp\u00fcren kannst. Beim ersten Anh\u00f6ren kann ... Leggi tutto\" \/>\n<meta property=\"og:url\" content=\"https:\/\/sensorialbio.com\/it\/produkt\/sens-musik\/\" \/>\n<meta property=\"og:site_name\" content=\"Sensorial\" \/>\n<meta property=\"article:modified_time\" content=\"2025-02-27T09:12:12+00:00\" \/>\n<meta property=\"og:image\" content=\"https:\/\/sensorialbio.com\/wp-content\/uploads\/2023\/03\/Unbenannt-8.jpg\" \/>\n\t<meta property=\"og:image:width\" content=\"1080\" \/>\n\t<meta property=\"og:image:height\" content=\"1080\" \/>\n\t<meta property=\"og:image:type\" content=\"image\/jpeg\" \/>\n<meta name=\"twitter:card\" content=\"summary_large_image\" \/>\n<meta name=\"twitter:label1\" content=\"Tempo di lettura stimato\" \/>\n\t<meta name=\"twitter:data1\" content=\"1 minuto\" \/>\n<script type=\"application\/ld+json\" class=\"yoast-schema-graph\">{\"@context\":\"https:\/\/schema.org\",\"@graph\":[{\"@type\":\"WebPage\",\"@id\":\"https:\/\/sensorialbio.com\/it\/produkt\/sens-musik\/\",\"url\":\"https:\/\/sensorialbio.com\/it\/produkt\/sens-musik\/\",\"name\":\"Brain Musik - Sensorial\",\"isPartOf\":{\"@id\":\"\/#website\"},\"datePublished\":\"2023-03-27T07:13:46+00:00\",\"dateModified\":\"2025-02-27T09:12:12+00:00\",\"breadcrumb\":{\"@id\":\"https:\/\/sensorialbio.com\/it\/produkt\/sens-musik\/#breadcrumb\"},\"inLanguage\":\"it-IT\",\"potentialAction\":[{\"@type\":\"ReadAction\",\"target\":[\"https:\/\/sensorialbio.com\/it\/produkt\/sens-musik\/\"]}]},{\"@type\":\"BreadcrumbList\",\"@id\":\"https:\/\/sensorialbio.com\/it\/produkt\/sens-musik\/#breadcrumb\",\"itemListElement\":[{\"@type\":\"ListItem\",\"position\":1,\"name\":\"Startseite\",\"item\":\"https:\/\/sensorialbio.com\/it\/\"},{\"@type\":\"ListItem\",\"position\":2,\"name\":\"Brain Musik\"}]},{\"@type\":\"WebSite\",\"@id\":\"\/#website\",\"url\":\"\/\",\"name\":\"Sensorial\",\"description\":\"Produkte f\u00fcr deinen 6. Sinn!\",\"publisher\":{\"@id\":\"\/#organization\"},\"potentialAction\":[{\"@type\":\"SearchAction\",\"target\":{\"@type\":\"EntryPoint\",\"urlTemplate\":\"\/?s={search_term_string}\"},\"query-input\":\"required name=search_term_string\"}],\"inLanguage\":\"it-IT\"},{\"@type\":\"Organization\",\"@id\":\"\/#organization\",\"name\":\"Sensorial\",\"url\":\"\/\",\"logo\":{\"@type\":\"ImageObject\",\"inLanguage\":\"it-IT\",\"@id\":\"\/#\/schema\/logo\/image\/\",\"url\":\"https:\/\/sensorialbio.com\/wp-content\/uploads\/2023\/03\/LOGO-Sensorial_white.svg\",\"contentUrl\":\"https:\/\/sensorialbio.com\/wp-content\/uploads\/2023\/03\/LOGO-Sensorial_white.svg\",\"width\":1328,\"height\":511,\"caption\":\"Sensorial\"},\"image\":{\"@id\":\"\/#\/schema\/logo\/image\/\"}}]}<\/script>\n<!-- \/ Yoast SEO plugin. -->","yoast_head_json":{"title":"Brain Musik - Sensorial","robots":{"index":"noindex","follow":"follow","max-snippet":"max-snippet:-1","max-image-preview":"max-image-preview:large","max-video-preview":"max-video-preview:-1"},"og_locale":"it_IT","og_type":"article","og_title":"Brain Musik - Sensorial","og_description":"Wenn du die einzelnen Varianten ausw\u00e4hlst, kannst du von jeden Track eine gesch\u00fctzte Probe anh\u00f6ren! Jede SENS MUSIC ist darauf ausgelegt den Maximalnutzen aus bestimmten emotionalen und mentalen Zust\u00e4nden zu ziehen. Lass dich von unserer SENS-MUSIC so mitrei\u00dfen, dass du schon nach wenigen Minuten des H\u00f6rens die au\u00dfergew\u00f6hnlichen Effekte sp\u00fcren kannst. Beim ersten Anh\u00f6ren kann ... Leggi tutto","og_url":"https:\/\/sensorialbio.com\/it\/produkt\/sens-musik\/","og_site_name":"Sensorial","article_modified_time":"2025-02-27T09:12:12+00:00","og_image":[{"width":1080,"height":1080,"url":"https:\/\/sensorialbio.com\/wp-content\/uploads\/2023\/03\/Unbenannt-8.jpg","type":"image\/jpeg"}],"twitter_card":"summary_large_image","twitter_misc":{"Tempo di lettura stimato":"1 minuto"},"schema":{"@context":"https:\/\/schema.org","@graph":[{"@type":"WebPage","@id":"https:\/\/sensorialbio.com\/it\/produkt\/sens-musik\/","url":"https:\/\/sensorialbio.com\/it\/produkt\/sens-musik\/","name":"Brain Musik - Sensorial","isPartOf":{"@id":"\/#website"},"datePublished":"2023-03-27T07:13:46+00:00","dateModified":"2025-02-27T09:12:12+00:00","breadcrumb":{"@id":"https:\/\/sensorialbio.com\/it\/produkt\/sens-musik\/#breadcrumb"},"inLanguage":"it-IT","potentialAction":[{"@type":"ReadAction","target":["https:\/\/sensorialbio.com\/it\/produkt\/sens-musik\/"]}]},{"@type":"BreadcrumbList","@id":"https:\/\/sensorialbio.com\/it\/produkt\/sens-musik\/#breadcrumb","itemListElement":[{"@type":"ListItem","position":1,"name":"Startseite","item":"https:\/\/sensorialbio.com\/it\/"},{"@type":"ListItem","position":2,"name":"Brain Musik"}]},{"@type":"WebSite","@id":"\/#website","url":"\/","name":"Sensorial","description":"Produkte f\u00fcr deinen 6. Sinn!","publisher":{"@id":"\/#organization"},"potentialAction":[{"@type":"SearchAction","target":{"@type":"EntryPoint","urlTemplate":"\/?s={search_term_string}"},"query-input":"required name=search_term_string"}],"inLanguage":"it-IT"},{"@type":"Organization","@id":"\/#organization","name":"Sensorial","url":"\/","logo":{"@type":"ImageObject","inLanguage":"it-IT","@id":"\/#\/schema\/logo\/image\/","url":"https:\/\/sensorialbio.com\/wp-content\/uploads\/2023\/03\/LOGO-Sensorial_white.svg","contentUrl":"https:\/\/sensorialbio.com\/wp-content\/uploads\/2023\/03\/LOGO-Sensorial_white.svg","width":1328,"height":511,"caption":"Sensorial"},"image":{"@id":"\/#\/schema\/logo\/image\/"}}]}},"_links":{"self":[{"href":"https:\/\/sensorialbio.com\/it\/wp-json\/wp\/v2\/product\/355","targetHints":{"allow":["GET"]}}],"collection":[{"href":"https:\/\/sensorialbio.com\/it\/wp-json\/wp\/v2\/product"}],"about":[{"href":"https:\/\/sensorialbio.com\/it\/wp-json\/wp\/v2\/types\/product"}],"replies":[{"embeddable":true,"href":"https:\/\/sensorialbio.com\/it\/wp-json\/wp\/v2\/comments?post=355"}],"wp:featuredmedia":[{"embeddable":true,"href":"https:\/\/sensorialbio.com\/it\/wp-json\/wp\/v2\/media\/1038"}],"wp:attachment":[{"href":"https:\/\/sensorialbio.com\/it\/wp-json\/wp\/v2\/media?parent=355"}],"wp:term":[{"taxonomy":"product_cat","embeddable":true,"href":"https:\/\/sensorialbio.com\/it\/wp-json\/wp\/v2\/product_cat?post=355"},{"taxonomy":"product_tag","embeddable":true,"href":"https:\/\/sensorialbio.com\/it\/wp-json\/wp\/v2\/product_tag?post=355"}],"curies":[{"name":"wp","href":"https:\/\/api.w.org\/{rel}","templated":true}]}}